{"id":4871,"date":"2020-02-04T16:46:48","date_gmt":"2020-02-04T15:46:48","guid":{"rendered":"https:\/\/www.ias-instandhaltungssoftware.de\/impressum\/"},"modified":"2021-01-29T13:06:43","modified_gmt":"2021-01-29T12:06:43","slug":"imprint","status":"publish","type":"page","link":"https:\/\/www.ias-instandhaltungssoftware.de\/en\/imprint\/","title":{"rendered":"Imprint"},"content":{"rendered":"<div class=\"fusion-fullwidth fullwidth-box fusion-builder-row-1 nonhundred-percent-fullwidth non-hundred-percent-height-scrolling\" style=\"background-color: #f3f3f3;background-position: center center;background-repeat: no-repeat;padding-top:8%;padding-right:0px;padding-bottom:8%;padding-left:0px;margin-bottom: 0px;margin-top: 0px;border-width: 0px 0px 0px 0px;border-color:#ecefef;border-style:solid;\" ><div class=\"fusion-builder-row fusion-row\"><div class=\"fusion-layout-column fusion_builder_column fusion-builder-column-0 fusion_builder_column_1_6 1_6 fusion-one-sixth fusion-column-first\" style=\"width:16.666666666667%;width:calc(16.666666666667% - ( ( 4% + 4% ) * 0.16666666666667 ) );margin-right: 4%;margin-top:25px;margin-bottom:25px;\"><div class=\"fusion-column-wrapper fusion-flex-column-wrapper-legacy\" style=\"background-position:left top;background-repeat:no-repeat;-webkit-background-size:cover;-moz-background-size:cover;-o-background-size:cover;background-size:cover;padding: 0px 0px 0px 0px;\"><div class=\"fusion-clearfix\"><\/div><\/div><\/div><div class=\"fusion-layout-column fusion_builder_column fusion-builder-column-1 fusion_builder_column_2_3 2_3 fusion-two-third\" style=\"width:66.666666666667%;width:calc(66.666666666667% - ( ( 4% + 4% ) * 0.66666666666667 ) );margin-right: 4%;margin-top:25px;margin-bottom:25px;\"><div class=\"fusion-column-wrapper fusion-flex-column-wrapper-legacy\" style=\"background-position:left top;background-repeat:no-repeat;-webkit-background-size:cover;-moz-background-size:cover;-o-background-size:cover;background-size:cover;padding: 0px 0px 0px 0px;\"><style type=\"text\/css\"><\/style><div class=\"fusion-title title fusion-title-1 fusion-sep-none fusion-title-text fusion-title-size-one\" style=\"margin-top:20px;margin-right:0px;margin-bottom:20px;margin-left:0px;\"><h1 class=\"title-heading-left fusion-responsive-typography-calculated\" style=\"margin:0;--fontSize:56;line-height:1.25;\">Imprint<\/h1><\/div><div class=\"fusion-sep-clear\"><\/div><div class=\"fusion-separator fusion-full-width-sep\" style=\"margin-left: auto;margin-right: auto;width:100%;\"><\/div><div class=\"fusion-sep-clear\"><\/div><style type=\"text\/css\"><\/style><div class=\"fusion-title title fusion-title-2 fusion-sep-none fusion-title-text fusion-title-size-three\" style=\"margin-top:20px;margin-right:0px;margin-bottom:20px;margin-left:0px;\"><h3 class=\"title-heading-left fusion-responsive-typography-calculated\" style=\"margin:0;color:#40b1b1;--fontSize:26;--minFontSize:26px;line-height:1.3;\">Die IAS MEXIS GmbH pr\u00fcft und aktualisiert die Informationen auf seiner Website st\u00e4ndig. Eine Haftung oder Garantie f\u00fcr die Aktualit\u00e4t, Richtigkeit und Vollst\u00e4ndigkeit der zur Verf\u00fcgung gestellten Informationen kann jedoch nicht \u00fcbernommen werden. Gleiches gilt f\u00fcr alle anderen Websites, auf die mittels Hyperlink verwiesen wird. IAS MEXIS GmbH ist f\u00fcr den Inhalt der Websites, die aufgrund einer solchen Verbindung erreicht werden, nicht verantwortlich.<\/h3><\/div><div class=\"fusion-sep-clear\"><\/div><div class=\"fusion-separator fusion-full-width-sep\" style=\"margin-left: auto;margin-right: auto;margin-top:8%;margin-bottom:8%;width:100%;\"><div class=\"fusion-separator-border sep-single sep-solid\" style=\"border-color:rgba(59,59,59,0.15);border-top-width:1px;\"><\/div><\/div><div class=\"fusion-sep-clear\"><\/div><style type=\"text\/css\"><\/style><div class=\"fusion-title title fusion-title-3 fusion-sep-none fusion-title-text fusion-title-size-three\" style=\"margin-top:20px;margin-right:0px;margin-bottom:20px;margin-left:0px;\"><h3 class=\"title-heading-left fusion-responsive-typography-calculated\" style=\"margin:0;--fontSize:26;--minFontSize:26px;line-height:1.3;\"><h3>IAS MEXIS GmbH<\/h3><\/h3><\/div><div class=\"fusion-text fusion-text-1\"><p>Im Zollhof 1<br \/>\n67061 Ludwigshafen am Rhein<br \/>\nFon: 0621 587104-70<br \/>\nFax: 0621 587104-90<br \/>\nE-Mail: <a href=\"mailto:info@ias-mexis.com\">info@ias-mexis.com<\/a><\/p>\n<p><strong>Registergericht:<\/strong><\/p>\n<p>Ludwigshafen HRB 63483<br \/>\nUmsatzsteuer-Ident.-Nr:<br \/>\nDE 815429902<\/p>\n<p><strong>Gesch\u00e4ftsf\u00fchrung:<\/strong><\/p>\n<p>Falk Pagel<br \/>\nGeorgios Manolidis<\/p>\n<\/div><div class=\"fusion-sep-clear\"><\/div><div class=\"fusion-separator fusion-full-width-sep\" style=\"margin-left: auto;margin-right: auto;margin-top:8%;width:100%;\"><\/div><div class=\"fusion-sep-clear\"><\/div><div class=\"fusion-clearfix\"><\/div><\/div><\/div><div class=\"fusion-layout-column fusion_builder_column fusion-builder-column-2 fusion_builder_column_1_6 1_6 fusion-one-sixth fusion-column-last\" style=\"width:16.666666666667%;width:calc(16.666666666667% - ( ( 4% + 4% ) * 0.16666666666667 ) );margin-top:25px;margin-bottom:25px;\"><div class=\"fusion-column-wrapper fusion-flex-column-wrapper-legacy\" style=\"background-position:left top;background-repeat:no-repeat;-webkit-background-size:cover;-moz-background-size:cover;-o-background-size:cover;background-size:cover;padding: 0px 0px 0px 0px;\"><div class=\"fusion-clearfix\"><\/div><\/div><\/div><\/div><\/div>\n","protected":false},"excerpt":{"rendered":"","protected":false},"author":1,"featured_media":0,"parent":0,"menu_order":0,"comment_status":"closed","ping_status":"closed","template":"100-width.php","meta":{"footnotes":""},"class_list":["post-4871","page","type-page","status-publish","hentry"],"yoast_head":"<!-- This site is optimized with the Yoast SEO plugin v27.1.1 - https:\/\/yoast.com\/product\/yoast-seo-wordpress\/ -->\n<title>Smart Maintenance Software - Imprint | IAS MEXIS<\/title>\n<meta name=\"description\" content=\"Imprint and legal notices: IAS MEXIS GmbH, Im Zollhof 1, 67061 Ludwigshafen am Rhein, Fon: +49 621 587104-70, E-mail: info@ias-mexis.com\" \/>\n<meta name=\"robots\" content=\"index, follow, max-snippet:-1, max-image-preview:large, max-video-preview:-1\" \/>\n<link rel=\"canonical\" href=\"https:\/\/www.ias-instandhaltungssoftware.de\/en\/imprint\/\" \/>\n<meta property=\"og:locale\" content=\"en_US\" \/>\n<meta property=\"og:type\" content=\"article\" \/>\n<meta property=\"og:title\" content=\"Smart Maintenance Software - Imprint | IAS MEXIS\" \/>\n<meta property=\"og:description\" content=\"Imprint and legal notices: IAS MEXIS GmbH, Im Zollhof 1, 67061 Ludwigshafen am Rhein, Fon: +49 621 587104-70, E-mail: info@ias-mexis.com\" \/>\n<meta property=\"og:url\" content=\"https:\/\/www.ias-instandhaltungssoftware.de\/en\/imprint\/\" \/>\n<meta property=\"og:site_name\" content=\"IAS Instandhaltungssoftware\" \/>\n<meta property=\"article:modified_time\" content=\"2021-01-29T12:06:43+00:00\" \/>\n<meta name=\"twitter:card\" content=\"summary_large_image\" \/>\n<meta name=\"twitter:label1\" content=\"Est. reading time\" \/>\n\t<meta name=\"twitter:data1\" content=\"6 minutes\" \/>\n<script type=\"application\/ld+json\" class=\"yoast-schema-graph\">{\"@context\":\"https:\/\/schema.org\",\"@graph\":[{\"@type\":\"WebPage\",\"@id\":\"https:\/\/www.ias-instandhaltungssoftware.de\/en\/imprint\/\",\"url\":\"https:\/\/www.ias-instandhaltungssoftware.de\/en\/imprint\/\",\"name\":\"Smart Maintenance Software - Imprint | IAS MEXIS\",\"isPartOf\":{\"@id\":\"https:\/\/www.ias-instandhaltungssoftware.de\/#website\"},\"datePublished\":\"2020-02-04T15:46:48+00:00\",\"dateModified\":\"2021-01-29T12:06:43+00:00\",\"description\":\"Imprint and legal notices: IAS MEXIS GmbH, Im Zollhof 1, 67061 Ludwigshafen am Rhein, Fon: +49 621 587104-70, E-mail: info@ias-mexis.com\",\"breadcrumb\":{\"@id\":\"https:\/\/www.ias-instandhaltungssoftware.de\/en\/imprint\/#breadcrumb\"},\"inLanguage\":\"en-US\",\"potentialAction\":[{\"@type\":\"ReadAction\",\"target\":[\"https:\/\/www.ias-instandhaltungssoftware.de\/en\/imprint\/\"]}]},{\"@type\":\"BreadcrumbList\",\"@id\":\"https:\/\/www.ias-instandhaltungssoftware.de\/en\/imprint\/#breadcrumb\",\"itemListElement\":[{\"@type\":\"ListItem\",\"position\":1,\"name\":\"Startseite\",\"item\":\"https:\/\/www.ias-instandhaltungssoftware.de\/en\/\"},{\"@type\":\"ListItem\",\"position\":2,\"name\":\"Imprint\"}]},{\"@type\":\"WebSite\",\"@id\":\"https:\/\/www.ias-instandhaltungssoftware.de\/#website\",\"url\":\"https:\/\/www.ias-instandhaltungssoftware.de\/\",\"name\":\"IAS Instandhaltungssoftware\",\"description\":\"Instandhaltungssoftware: Dienstleistungen und intelligente Software-L\u00f6sungen f\u00fcr ein erfolgreiches Instandhaltungsmanagement\",\"potentialAction\":[{\"@type\":\"SearchAction\",\"target\":{\"@type\":\"EntryPoint\",\"urlTemplate\":\"https:\/\/www.ias-instandhaltungssoftware.de\/?s={search_term_string}\"},\"query-input\":{\"@type\":\"PropertyValueSpecification\",\"valueRequired\":true,\"valueName\":\"search_term_string\"}}],\"inLanguage\":\"en-US\"}]}<\/script>\n<!-- \/ Yoast SEO plugin. -->","yoast_head_json":{"title":"Smart Maintenance Software - Imprint | IAS MEXIS","description":"Imprint and legal notices: IAS MEXIS GmbH, Im Zollhof 1, 67061 Ludwigshafen am Rhein, Fon: +49 621 587104-70, E-mail: info@ias-mexis.com","robots":{"index":"index","follow":"follow","max-snippet":"max-snippet:-1","max-image-preview":"max-image-preview:large","max-video-preview":"max-video-preview:-1"},"canonical":"https:\/\/www.ias-instandhaltungssoftware.de\/en\/imprint\/","og_locale":"en_US","og_type":"article","og_title":"Smart Maintenance Software - Imprint | IAS MEXIS","og_description":"Imprint and legal notices: IAS MEXIS GmbH, Im Zollhof 1, 67061 Ludwigshafen am Rhein, Fon: +49 621 587104-70, E-mail: info@ias-mexis.com","og_url":"https:\/\/www.ias-instandhaltungssoftware.de\/en\/imprint\/","og_site_name":"IAS Instandhaltungssoftware","article_modified_time":"2021-01-29T12:06:43+00:00","twitter_card":"summary_large_image","twitter_misc":{"Est. reading time":"6 minutes"},"schema":{"@context":"https:\/\/schema.org","@graph":[{"@type":"WebPage","@id":"https:\/\/www.ias-instandhaltungssoftware.de\/en\/imprint\/","url":"https:\/\/www.ias-instandhaltungssoftware.de\/en\/imprint\/","name":"Smart Maintenance Software - Imprint | IAS MEXIS","isPartOf":{"@id":"https:\/\/www.ias-instandhaltungssoftware.de\/#website"},"datePublished":"2020-02-04T15:46:48+00:00","dateModified":"2021-01-29T12:06:43+00:00","description":"Imprint and legal notices: IAS MEXIS GmbH, Im Zollhof 1, 67061 Ludwigshafen am Rhein, Fon: +49 621 587104-70, E-mail: info@ias-mexis.com","breadcrumb":{"@id":"https:\/\/www.ias-instandhaltungssoftware.de\/en\/imprint\/#breadcrumb"},"inLanguage":"en-US","potentialAction":[{"@type":"ReadAction","target":["https:\/\/www.ias-instandhaltungssoftware.de\/en\/imprint\/"]}]},{"@type":"BreadcrumbList","@id":"https:\/\/www.ias-instandhaltungssoftware.de\/en\/imprint\/#breadcrumb","itemListElement":[{"@type":"ListItem","position":1,"name":"Startseite","item":"https:\/\/www.ias-instandhaltungssoftware.de\/en\/"},{"@type":"ListItem","position":2,"name":"Imprint"}]},{"@type":"WebSite","@id":"https:\/\/www.ias-instandhaltungssoftware.de\/#website","url":"https:\/\/www.ias-instandhaltungssoftware.de\/","name":"IAS Instandhaltungssoftware","description":"Instandhaltungssoftware: Dienstleistungen und intelligente Software-L\u00f6sungen f\u00fcr ein erfolgreiches Instandhaltungsmanagement","potentialAction":[{"@type":"SearchAction","target":{"@type":"EntryPoint","urlTemplate":"https:\/\/www.ias-instandhaltungssoftware.de\/?s={search_term_string}"},"query-input":{"@type":"PropertyValueSpecification","valueRequired":true,"valueName":"search_term_string"}}],"inLanguage":"en-US"}]}},"_links":{"self":[{"href":"https:\/\/www.ias-instandhaltungssoftware.de\/en\/wp-json\/wp\/v2\/pages\/4871","targetHints":{"allow":["GET"]}}],"collection":[{"href":"https:\/\/www.ias-instandhaltungssoftware.de\/en\/wp-json\/wp\/v2\/pages"}],"about":[{"href":"https:\/\/www.ias-instandhaltungssoftware.de\/en\/wp-json\/wp\/v2\/types\/page"}],"author":[{"embeddable":true,"href":"https:\/\/www.ias-instandhaltungssoftware.de\/en\/wp-json\/wp\/v2\/users\/1"}],"replies":[{"embeddable":true,"href":"https:\/\/www.ias-instandhaltungssoftware.de\/en\/wp-json\/wp\/v2\/comments?post=4871"}],"version-history":[{"count":2,"href":"https:\/\/www.ias-instandhaltungssoftware.de\/en\/wp-json\/wp\/v2\/pages\/4871\/revisions"}],"predecessor-version":[{"id":5100,"href":"https:\/\/www.ias-instandhaltungssoftware.de\/en\/wp-json\/wp\/v2\/pages\/4871\/revisions\/5100"}],"wp:attachment":[{"href":"https:\/\/www.ias-instandhaltungssoftware.de\/en\/wp-json\/wp\/v2\/media?parent=4871"}],"curies":[{"name":"wp","href":"https:\/\/api.w.org\/{rel}","templated":true}]}}